{"id":8735,"date":"2022-04-04T18:01:05","date_gmt":"2022-04-05T00:01:05","guid":{"rendered":"https:\/\/localhost\/supliclean\/?post_type=product&#038;p=8735"},"modified":"2022-04-04T18:11:26","modified_gmt":"2022-04-05T00:11:26","slug":"swipe-20-lts","status":"publish","type":"product","link":"https:\/\/supliclean.com\/en\/product\/swipe-20-lts\/","title":{"rendered":"SWIPE 20 LTS"},"content":{"rendered":"","protected":false},"excerpt":{"rendered":"<p>Limpiador l\u00edquido multiuso. desengrasante, biodegradable, altamente concentrado.<\/p>\n<p>Para usarse en cualquier superficie. De gran versatilidad y rendimiento para usarse en soluci\u00f3n (diluido en agua) en concentraci\u00f3n variable seg\u00fan la suciedad o grasa a eliminar.<\/p>\n<p>Ofrece gran seguridad al usuario, ya que NO contiene abrasivos ni abrasivos y NO es inflamable. Limpia desmancha y emulsiona r\u00e1pidamente aceites y grasas animales y vegetales.<br \/>\nPara usarse en toda superficie que acepte agua, desde vidrios pisos, paredes, prendas, muebles y art\u00edculos varios, hasta cocinas, campanas de cocina, extractores, motores, herramientas y maquinaria en general.<br \/>\nDise\u00f1ado para usarse con equipos industriales de limpieza y tambi\u00e9n en versi\u00f3n pH neutro (ph7) para la limpieza de instalaciones que cuenten con plantas de tratamiento de aguas.<\/p>\n<p><strong>Presentaci\u00f3n:<\/strong><br \/>\nPichinga 20 L<\/p>","protected":false},"featured_media":8817,"template":"","meta":[],"product_cat":[354,377,41],"product_tag":[],"class_list":{"0":"post-8735","1":"product","2":"type-product","3":"status-publish","4":"has-post-thumbnail","6":"product_cat-linea-institucional","7":"product_cat-multiusos-linea-institucional","8":"product_cat-all","10":"first","11":"instock","12":"shipping-taxable","13":"product-type-simple"},"_links":{"self":[{"href":"https:\/\/supliclean.com\/en\/wp-json\/wp\/v2\/product\/8735","targetHints":{"allow":["GET"]}}],"collection":[{"href":"https:\/\/supliclean.com\/en\/wp-json\/wp\/v2\/product"}],"about":[{"href":"https:\/\/supliclean.com\/en\/wp-json\/wp\/v2\/types\/product"}],"version-history":[{"count":1,"href":"https:\/\/supliclean.com\/en\/wp-json\/wp\/v2\/product\/8735\/revisions"}],"predecessor-version":[{"id":8818,"href":"https:\/\/supliclean.com\/en\/wp-json\/wp\/v2\/product\/8735\/revisions\/8818"}],"wp:featuredmedia":[{"embeddable":true,"href":"https:\/\/supliclean.com\/en\/wp-json\/wp\/v2\/media\/8817"}],"wp:attachment":[{"href":"https:\/\/supliclean.com\/en\/wp-json\/wp\/v2\/media?parent=8735"}],"wp:term":[{"taxonomy":"product_cat","embeddable":true,"href":"https:\/\/supliclean.com\/en\/wp-json\/wp\/v2\/product_cat?post=8735"},{"taxonomy":"product_tag","embeddable":true,"href":"https:\/\/supliclean.com\/en\/wp-json\/wp\/v2\/product_tag?post=8735"}],"curies":[{"name":"wp","href":"https:\/\/api.w.org\/{rel}","templated":true}]}}